{"id":479,"date":"2019-10-03T09:51:39","date_gmt":"2019-10-03T07:51:39","guid":{"rendered":"http:\/\/www.mawsystem.com\/home\/"},"modified":"2024-03-19T12:07:57","modified_gmt":"2024-03-19T11:07:57","slug":"home","status":"publish","type":"page","link":"https:\/\/www.mawsystem.com\/en\/","title":{"rendered":"Home"},"content":{"rendered":"<div style=\"clear:both;\"><\/div><div style=\"clear:both;\"><\/div><div class=\"slider-wrapper relative home-slider-1\" id=\"slider-1189124302\" >\n    <div class=\"slider slider-type-fade slider-nav-circle slider-nav-large slider-nav-light slider-style-normal\"\n        data-flickity-options='{\n            \"cellAlign\": \"center\",\n            \"imagesLoaded\": true,\n            \"lazyLoad\": 1,\n            \"freeScroll\": false,\n            \"wrapAround\": true,\n            \"autoPlay\": 8000,\n            \"pauseAutoPlayOnHover\" : true,\n            \"prevNextButtons\": true,\n            \"contain\" : true,\n            \"adaptiveHeight\" : true,\n            \"dragThreshold\" : 10,\n            \"percentPosition\": true,\n            \"pageDots\": false,\n            \"rightToLeft\": false,\n            \"draggable\": true,\n            \"selectedAttraction\": 0.1,\n            \"parallax\" : 0,\n            \"friction\": 0.6        }'\n        >\n        \n\n  <div class=\"banner has-hover diagonal-cut\" id=\"banner-2046884777\">\n          <div class=\"banner-inner fill\">\n        <div class=\"banner-bg fill\" >\n            <div class=\"bg fill bg-fill \"><\/div>\n                                    \n                    <\/div><!-- bg-layers -->\n        <div class=\"banner-layers container\">\n            <a class=\"fill\" href=\"\/prodotti\"><div class=\"fill banner-link\"><\/div><\/a>            \n   <div id=\"text-box-742693546\" class=\"text-box banner-layer slider-text x50 md-x50 lg-x0 y30 md-y20 lg-y25 res-text\">\n                                <div class=\"text dark text-shadow-3\">\n              \n              <div class=\"text-inner text-center\">\n                  \n<p class=\"bottom-label\" style=\"text-align: left;\"><a href=\"https:\/\/www.mawsystem.com\/en\/?page_id=3498\">I migliori sistemi espositivi per il tuo punto vendita<\/a><\/p>\n<p class=\"btn-anchor\"><a href=\"#scrollto\"><span>Approfondisci &gt;<\/span><\/a><\/p>\n              <\/div>\n           <\/div><!-- text-box-inner -->\n                            \n<style scope=\"scope\">\n\n#text-box-742693546 {\n  width: 94%;\n}\n#text-box-742693546 .text {\n  font-size: 100%;\n}\n\n\n@media (min-width:550px) {\n\n  #text-box-742693546 {\n    width: 77%;\n  }\n\n}\n\n\n@media (min-width:850px) {\n\n  #text-box-742693546 {\n    width: 60%;\n  }\n\n}\n<\/style>\n    <\/div><!-- text-box -->\n \n        <\/div><!-- .banner-layers -->\n      <\/div><!-- .banner-inner -->\n\n            \n<style scope=\"scope\">\n\n#banner-2046884777 {\n  padding-top: 800px;\n}\n#banner-2046884777 .bg.bg-loaded {\n  background-image: url(https:\/\/www.mawsystem.com\/wp-content\/uploads\/2020\/04\/home_MAW_cut-3-scaled.jpg);\n}\n#banner-2046884777 .bg {\n  background-position: 44% 61%;\n}\n<\/style>\n  <\/div><!-- .banner -->\n\n\n\n     <\/div>\n\n     <div class=\"loading-spin dark large centered\"><\/div>\n\n     <style scope=\"scope\">\n             <\/style>\n<\/div><!-- .ux-slider-wrapper -->\n\n\n<div class=\"row home-banner-txt\"  id=\"row-90782840\">\n<div class=\"col small-12 large-12\"  data-animate=\"fadeInLeft\"><div class=\"col-inner\"  >\n<h1 style=\"text-align: right; font-size: 35px;\">Progettazione e produzione di<br \/>\nattrezzature e sistemi espositivi per area ortofrutta<\/h1>\n<div id=\"scrollto\"><\/div>\n<\/div><\/div>\n\n<style scope=\"scope\">\n\n<\/style>\n<\/div>\n\t<section class=\"section icons-box\" id=\"section_1734889013\">\n\t\t<div class=\"bg section-bg fill bg-fill  bg-loaded\" >\n\n\t\t\t\n\t\t\t\n\t\t\t\n\n\t\t<\/div><!-- .section-bg -->\n\n\t\t<div class=\"section-content relative\">\n\t\t\t\n<div class=\"row\"  id=\"row-1295755090\">\n<div class=\"col medium-8 small-12 large-8\"  data-animate=\"fadeInLeft\"><div class=\"col-inner\"  >\n<h2 class=\"title-slogan\"><strong>Ecco perch\u00e9 scegliere MAW<\/strong><\/h2>\n<p>MAW produce con passione attrezzature e sistemi espositivi in Acciaio Inox per le aree ortofrutta di Supermercati e Ipermercati.<\/p>\n<p>MAW vi affiancher\u00e0 costantemente con una consulenza completa volta ad un incremento di reddittivit\u00e0 e produttivit\u00e0, che solo da specialisti del settore possiamo garantirvi.<\/p>\n<\/div><\/div>\n<div class=\"col medium-4 small-12 large-4\"  ><div class=\"col-inner\"  >\n<div class=\"gap-element clearfix\" style=\"display:block; height:auto; padding-top:80px\"><\/div>\n\t<div class=\"box has-hover   has-hover box-text-bottom\" >\n\n\t\t<div class=\"box-image\" style=\"width:30%;\">\n\t\t\t<a href=\"#nostribrevetti\" target=\"_self\" >\t\t\t<div class=\"\" >\n\t\t\t\t<img width=\"364\" height=\"332\" src=\"https:\/\/www.mawsystem.com\/wp-content\/uploads\/2021\/12\/brevetto-1.png\" class=\"attachment- size-\" alt=\"\" loading=\"lazy\" srcset=\"https:\/\/www.mawsystem.com\/wp-content\/uploads\/2021\/12\/brevetto-1.png 364w, https:\/\/www.mawsystem.com\/wp-content\/uploads\/2021\/12\/brevetto-1-300x274.png 300w\" sizes=\"(max-width: 364px) 100vw, 364px\" \/>\t\t\t\t\t\t\t\t\t\t\t<\/div>\n\t\t\t<\/a>\t\t<\/div><!-- box-image -->\n\n\t\t<div class=\"box-text text-center\" >\n\t\t\t<div class=\"box-text-inner\">\n\t\t\t\t\n<h2 class=\"brevetti-title\"><a href=\"#nostribrevetti\">I nostri brevetti<\/a><\/h2>\n\t\t\t<\/div><!-- box-text-inner -->\n\t\t<\/div><!-- box-text -->\n\t<\/div><!-- .box  -->\n\t\n<\/div><\/div>\n<\/div>\n\t\t<\/div><!-- .section-content -->\n\n\t\t\n<style scope=\"scope\">\n\n#section_1734889013 {\n  padding-top: 0px;\n  padding-bottom: 0px;\n  background-color: rgb(243, 241, 242);\n}\n<\/style>\n\t<\/section>\n\t\n\t<section class=\"section icons-text-below\" id=\"section_1733913553\">\n\t\t<div class=\"bg section-bg fill bg-fill  bg-loaded\" >\n\n\t\t\t\n\t\t\t<div class=\"section-bg-overlay absolute fill\"><\/div>\n\t\t\t\n\n\t\t<\/div><!-- .section-bg -->\n\n\t\t<div class=\"section-content relative\">\n\t\t\t\n<div class=\"row row-large align-middle\"  id=\"row-1842958158\">\n<div class=\"col small-12 large-12\"  data-animate=\"fadeInRight\"><div class=\"col-inner text-left\" style=\"padding:60px 0px 0px 0px;\" >\n<p style=\"color: #e2001a; text-align: left;\">Il successo nel futuro si costruisce con l&#8217;innovazione nel presente: \u00e8 la continua ricerca di soluzioni semplici, efficaci ed accessibili a tutti.<\/p>\n<\/div><\/div>\n\n<style scope=\"scope\">\n\n<\/style>\n<\/div>\n\t\t<\/div><!-- .section-content -->\n\n\t\t\n<style scope=\"scope\">\n\n#section_1733913553 {\n  padding-top: 0px;\n  padding-bottom: 0px;\n}\n#section_1733913553 .section-bg-overlay {\n  background-color: rgba(255, 255, 255, 0.85);\n}\n<\/style>\n\t<\/section>\n\t\n\t<section class=\"section projects-section\" id=\"section_1562532776\">\n\t\t<div class=\"bg section-bg fill bg-fill  bg-loaded\" >\n\n\t\t\t\n\t\t\t\n\t\t\t\n\n\t\t<\/div><!-- .section-bg -->\n\n\t\t<div class=\"section-content relative\">\n\t\t\t\n<div class=\"row row-full-width projects-stripe\"  id=\"row-1114867084\">\n<div class=\"col small-12 large-12\"  ><div class=\"col-inner\" style=\"background-color:rgb(204, 204, 204);padding:0 0px 0px 0px;\" >\n<h2>Ultime realizzazioni<\/h2>\n<div class=\"gap-element clearfix\" style=\"display:block; height:auto; padding-top:500px\"><\/div>\n<\/div><\/div>\n\n<style scope=\"scope\">\n\n#row-1114867084 > .col > .col-inner {\n  background-color: rgb(204, 204, 204);\n}\n<\/style>\n<\/div>\n<div class=\"row row-large align-middle projects-stuff\"  id=\"row-444725914\">\n<div class=\"col small-12 large-12\"  ><div class=\"col-inner text-center\"  >\n\n  \n    <div class=\"row projects large-columns-3 medium-columns-1 small-columns-1 has-shadow row-box-shadow-2 slider row-slider slider-nav-reveal\"  data-flickity-options='{\"imagesLoaded\": true, \"groupCells\": \"100%\", \"dragThreshold\" : 5, \"cellAlign\": \"left\",\"wrapAround\": true,\"prevNextButtons\": true,\"percentPosition\": true,\"pageDots\": false, \"rightToLeft\": false, \"autoPlay\" : false}'>\n\n          <div class=\"col post-item\" data-animate=\"fadeInUp\">\n            <div class=\"col-inner\">\n                <a href=\"https:\/\/www.mawsystem.com\/en\/progetti-en\/famila\/\" class=\"plain\">\n                    <div class=\"box box-shade dark box-text-bottom box-blog-post has-hover\">\n                                                    <div class=\"box-image\" >\n                                <div class=\"image-zoom image-cover\" style=\"padding-top:115%;\">\n                                    <img width=\"2560\" height=\"1705\" src=\"https:\/\/www.mawsystem.com\/wp-content\/uploads\/2020\/04\/ESC_0436-min-1.jpg\" class=\"attachment-original size-original wp-post-image\" alt=\"\" loading=\"lazy\" \/>                                                                        <div class=\"shade\"><\/div>                                <\/div>\n                                                            <\/div><!-- .box-image -->\n                                                <div class=\"box-text text-center dark\" style=\"background-color:rgb(226, 0, 26);\">\n                            <div class=\"box-text-inner blog-post-inner\">\n\n                                \n                                                                <h5 class=\"post-title is-large uppercase\">Famila<\/h5>\n                                                                <div class=\"is-divider\"><\/div>\n                                                                \n                                \n                                \n                            <\/div><!-- .box-text-inner -->\n                        <\/div><!-- .box-text -->\n                                            <\/div><!-- .box -->\n                <\/a><!-- .link -->\n            <\/div><!-- .col-inner -->\n            <p class=\"sede-name\">\n                Treviso            <\/p>\n        <\/div><!-- .col -->\n            <div class=\"col post-item\" data-animate=\"fadeInUp\">\n            <div class=\"col-inner\">\n                <a href=\"https:\/\/www.mawsystem.com\/en\/progetti-en\/conad\/\" class=\"plain\">\n                    <div class=\"box box-shade dark box-text-bottom box-blog-post has-hover\">\n                                                    <div class=\"box-image\" >\n                                <div class=\"image-zoom image-cover\" style=\"padding-top:115%;\">\n                                    <img width=\"1014\" height=\"665\" src=\"https:\/\/www.mawsystem.com\/wp-content\/uploads\/2020\/04\/rivoli_copertina.png\" class=\"attachment-original size-original wp-post-image\" alt=\"\" loading=\"lazy\" srcset=\"https:\/\/www.mawsystem.com\/wp-content\/uploads\/2020\/04\/rivoli_copertina.png 1014w, https:\/\/www.mawsystem.com\/wp-content\/uploads\/2020\/04\/rivoli_copertina-300x197.png 300w, https:\/\/www.mawsystem.com\/wp-content\/uploads\/2020\/04\/rivoli_copertina-768x504.png 768w\" sizes=\"(max-width: 1014px) 100vw, 1014px\" \/>                                                                        <div class=\"shade\"><\/div>                                <\/div>\n                                                            <\/div><!-- .box-image -->\n                                                <div class=\"box-text text-center dark\" style=\"background-color:rgb(226, 0, 26);\">\n                            <div class=\"box-text-inner blog-post-inner\">\n\n                                \n                                                                <h5 class=\"post-title is-large uppercase\">Conad<\/h5>\n                                                                <div class=\"is-divider\"><\/div>\n                                                                \n                                \n                                \n                            <\/div><!-- .box-text-inner -->\n                        <\/div><!-- .box-text -->\n                                            <\/div><!-- .box -->\n                <\/a><!-- .link -->\n            <\/div><!-- .col-inner -->\n            <p class=\"sede-name\">\n                Verona            <\/p>\n        <\/div><!-- .col -->\n            <div class=\"col post-item\" data-animate=\"fadeInUp\">\n            <div class=\"col-inner\">\n                <a href=\"https:\/\/www.mawsystem.com\/en\/progetti-en\/iperlando\/\" class=\"plain\">\n                    <div class=\"box box-shade dark box-text-bottom box-blog-post has-hover\">\n                                                    <div class=\"box-image\" >\n                                <div class=\"image-zoom image-cover\" style=\"padding-top:115%;\">\n                                    <img width=\"2016\" height=\"1512\" src=\"https:\/\/www.mawsystem.com\/wp-content\/uploads\/2020\/05\/IMG_2628-min.jpg\" class=\"attachment-original size-original wp-post-image\" alt=\"\" loading=\"lazy\" srcset=\"https:\/\/www.mawsystem.com\/wp-content\/uploads\/2020\/05\/IMG_2628-min.jpg 2016w, https:\/\/www.mawsystem.com\/wp-content\/uploads\/2020\/05\/IMG_2628-min-300x225.jpg 300w, https:\/\/www.mawsystem.com\/wp-content\/uploads\/2020\/05\/IMG_2628-min-1024x768.jpg 1024w, https:\/\/www.mawsystem.com\/wp-content\/uploads\/2020\/05\/IMG_2628-min-768x576.jpg 768w, https:\/\/www.mawsystem.com\/wp-content\/uploads\/2020\/05\/IMG_2628-min-1536x1152.jpg 1536w\" sizes=\"(max-width: 2016px) 100vw, 2016px\" \/>                                                                        <div class=\"shade\"><\/div>                                <\/div>\n                                                            <\/div><!-- .box-image -->\n                                                <div class=\"box-text text-center dark\" style=\"background-color:rgb(226, 0, 26);\">\n                            <div class=\"box-text-inner blog-post-inner\">\n\n                                \n                                                                <h5 class=\"post-title is-large uppercase\">IperLando<\/h5>\n                                                                <div class=\"is-divider\"><\/div>\n                                                                \n                                \n                                \n                            <\/div><!-- .box-text-inner -->\n                        <\/div><!-- .box-text -->\n                                            <\/div><!-- .box -->\n                <\/a><!-- .link -->\n            <\/div><!-- .col-inner -->\n            <p class=\"sede-name\">\n                Verona            <\/p>\n        <\/div><!-- .col -->\n    <\/div>\n<a data-animate=\"bounceInUp\" href=\"\/realizzazioni\" target=\"_self\" class=\"button secondary is-larger box-shadow-2 all-projects\"  >\n    <span>SCOPRI GLI ALTRI PROGETTI<\/span>\n  <\/a>\n\n<\/div><\/div>\n\n<style scope=\"scope\">\n\n<\/style>\n<\/div>\n\t\t<\/div><!-- .section-content -->\n\n\t\t\n<style scope=\"scope\">\n\n#section_1562532776 {\n  padding-top: 0px;\n  padding-bottom: 0px;\n}\n\n\n@media (min-width:850px) {\n\n  #section_1562532776 {\n    padding-top: 0px;\n    padding-bottom: 0px;\n  }\n\n}\n<\/style>\n\t<\/section>\n\t\n\t<section class=\"section brevetti\" id=\"section_841230741\">\n\t\t<div class=\"bg section-bg fill bg-fill  bg-loaded\" >\n\n\t\t\t\n\t\t\t\n\t\t\t\n\n\t\t<\/div><!-- .section-bg -->\n\n\t\t<div class=\"section-content relative\">\n\t\t\t\n<div class=\"row\"  id=\"row-564229038\">\n<div class=\"col small-12 large-12\"  ><div class=\"col-inner\"  >\n<div id=\"nostribrevetti\"><\/div>\n<h3 class=\"lead\" style=\"text-align: center;\">I nostri brevetti per tutto il supermercato<\/h3>\n<\/div><\/div>\n<\/div>\n<div class=\"row brevetti-single\"  id=\"row-1286096191\">\n<div class=\"col medium-4 small-6 large-4\"  ><div class=\"col-inner\"  >\n\n\t\t<div class=\"icon-box featured-box icon-box-center text-center\"  >\n\t\t\t\t\t<div class=\"icon-box-img\" style=\"width: 75px\">\n\t\t\t\t<div class=\"icon\">\n\t\t\t\t\t<div class=\"icon-inner\" >\n\t\t\t\t\t\t<img width=\"80\" height=\"80\" src=\"https:\/\/www.mawsystem.com\/wp-content\/uploads\/2020\/04\/patented.png\" class=\"attachment-medium size-medium\" alt=\"\" loading=\"lazy\" \/>\t\t\t\t\t<\/div>\n\t\t\t\t<\/div>\n\t\t\t<\/div>\n\t\t\t\t<div class=\"icon-box-text last-reset\">\n\t\t\t\t\t\t\t\t\t\n<p style=\"text-align: center;\">Carrello Esponi-Facile per bins\/bancali<\/p>\n\t\t<\/div>\n\t<\/div><!-- .icon-box -->\n\t\n\t\n<\/div><\/div>\n<div class=\"col medium-4 small-6 large-4\"  ><div class=\"col-inner\"  >\n\n\t\t<div class=\"icon-box featured-box icon-box-center text-center\"  >\n\t\t\t\t\t<div class=\"icon-box-img\" style=\"width: 75px\">\n\t\t\t\t<div class=\"icon\">\n\t\t\t\t\t<div class=\"icon-inner\" >\n\t\t\t\t\t\t<img width=\"80\" height=\"80\" src=\"https:\/\/www.mawsystem.com\/wp-content\/uploads\/2020\/04\/patented.png\" class=\"attachment-medium size-medium\" alt=\"\" loading=\"lazy\" \/>\t\t\t\t\t<\/div>\n\t\t\t\t<\/div>\n\t\t\t<\/div>\n\t\t\t\t<div class=\"icon-box-text last-reset\">\n\t\t\t\t\t\t\t\t\t\n<p style=\"text-align: center;\">Bancarella Smart Abbattibile<\/p>\n\t\t<\/div>\n\t<\/div><!-- .icon-box -->\n\t\n\t\n<\/div><\/div>\n<div class=\"col medium-4 small-6 large-4\"  ><div class=\"col-inner\"  >\n\n\t\t<div class=\"icon-box featured-box icon-box-center text-center\"  >\n\t\t\t\t\t<div class=\"icon-box-img\" style=\"width: 75px\">\n\t\t\t\t<div class=\"icon\">\n\t\t\t\t\t<div class=\"icon-inner\" >\n\t\t\t\t\t\t<img width=\"80\" height=\"80\" src=\"https:\/\/www.mawsystem.com\/wp-content\/uploads\/2020\/04\/patented.png\" class=\"attachment-medium size-medium\" alt=\"\" loading=\"lazy\" \/>\t\t\t\t\t<\/div>\n\t\t\t\t<\/div>\n\t\t\t<\/div>\n\t\t\t\t<div class=\"icon-box-text last-reset\">\n\t\t\t\t\t\t\t\t\t\n<p style=\"text-align: center;\">Bancarella Omnia<\/p>\n\t\t<\/div>\n\t<\/div><!-- .icon-box -->\n\t\n\t\n<\/div><\/div>\n<div class=\"col medium-4 small-6 large-4\"  ><div class=\"col-inner\"  >\n\n\t\t<div class=\"icon-box featured-box icon-box-center text-center\"  >\n\t\t\t\t\t<div class=\"icon-box-img\" style=\"width: 75px\">\n\t\t\t\t<div class=\"icon\">\n\t\t\t\t\t<div class=\"icon-inner\" >\n\t\t\t\t\t\t<img width=\"80\" height=\"80\" src=\"https:\/\/www.mawsystem.com\/wp-content\/uploads\/2020\/04\/patented.png\" class=\"attachment-medium size-medium\" alt=\"\" loading=\"lazy\" \/>\t\t\t\t\t<\/div>\n\t\t\t\t<\/div>\n\t\t\t<\/div>\n\t\t\t\t<div class=\"icon-box-text last-reset\">\n\t\t\t\t\t\t\t\t\t\n<p style=\"text-align: center;\">Bancarella Box Smart<\/p>\n\t\t<\/div>\n\t<\/div><!-- .icon-box -->\n\t\n\t\n<\/div><\/div>\n<div class=\"col medium-4 small-6 large-4\"  ><div class=\"col-inner\"  >\n\n\t\t<div class=\"icon-box featured-box icon-box-center text-center\"  >\n\t\t\t\t\t<div class=\"icon-box-img\" style=\"width: 75px\">\n\t\t\t\t<div class=\"icon\">\n\t\t\t\t\t<div class=\"icon-inner\" >\n\t\t\t\t\t\t<img width=\"80\" height=\"80\" src=\"https:\/\/www.mawsystem.com\/wp-content\/uploads\/2020\/04\/patented.png\" class=\"attachment-medium size-medium\" alt=\"\" loading=\"lazy\" \/>\t\t\t\t\t<\/div>\n\t\t\t\t<\/div>\n\t\t\t<\/div>\n\t\t\t\t<div class=\"icon-box-text last-reset\">\n\t\t\t\t\t\t\t\t\t\n<p style=\"text-align: center;\">Erogatore Prodotti Sfusi<\/p>\n\t\t<\/div>\n\t<\/div><!-- .icon-box -->\n\t\n\t\n<\/div><\/div>\n<div class=\"col medium-4 small-6 large-4\"  ><div class=\"col-inner\"  >\n\n\t\t<div class=\"icon-box featured-box icon-box-center text-center\"  >\n\t\t\t\t\t<div class=\"icon-box-img\" style=\"width: 75px\">\n\t\t\t\t<div class=\"icon\">\n\t\t\t\t\t<div class=\"icon-inner\" >\n\t\t\t\t\t\t<img width=\"80\" height=\"80\" src=\"https:\/\/www.mawsystem.com\/wp-content\/uploads\/2020\/04\/patented.png\" class=\"attachment-medium size-medium\" alt=\"\" loading=\"lazy\" \/>\t\t\t\t\t<\/div>\n\t\t\t\t<\/div>\n\t\t\t<\/div>\n\t\t\t\t<div class=\"icon-box-text last-reset\">\n\t\t\t\t\t\t\t\t\t\n<p style=\"text-align: center;\">Cestone Smart<\/p>\n\t\t<\/div>\n\t<\/div><!-- .icon-box -->\n\t\n\t\n<\/div><\/div>\n\n<style scope=\"scope\">\n\n<\/style>\n<\/div>\n\t\t<\/div><!-- .section-content -->\n\n\t\t\n<style scope=\"scope\">\n\n#section_841230741 {\n  padding-top: 0px;\n  padding-bottom: 0px;\n}\n<\/style>\n\t<\/section>\n\t\n","protected":false},"excerpt":{"rendered":"","protected":false},"author":1,"featured_media":0,"parent":0,"menu_order":0,"comment_status":"closed","ping_status":"closed","template":"page-blank.php","meta":[],"yoast_head":"<!-- This site is optimized with the Yoast SEO plugin v15.1.1 - https:\/\/yoast.com\/wordpress\/plugins\/seo\/ -->\n<title>Sistemi espositivi ed allestimenti per reparti ortofrutta prodotti da MAW System<\/title>\n<meta name=\"description\" content=\"MAW System progetta e realizza sistemi e soluzioni espositive innovative per i reparti ortofrutticoli tra cui cassoni bins, bancali, bancarelle e banchi, espositori termoformatura, espositori frutta secca, dispenser e altri articoli complementari per i reparti ortofrutta\" \/>\n<meta name=\"robots\" content=\"index, follow, max-snippet:-1, max-image-preview:large, max-video-preview:-1\" \/>\n<link rel=\"canonical\" href=\"https:\/\/www.mawsystem.com\/en\/\" \/>\n<meta property=\"og:locale\" content=\"en_US\" \/>\n<meta property=\"og:type\" content=\"article\" \/>\n<meta property=\"og:title\" content=\"Sistemi espositivi ed allestimenti per reparti ortofrutta prodotti da MAW System\" \/>\n<meta property=\"og:description\" content=\"MAW System progetta e realizza sistemi e soluzioni espositive innovative per i reparti ortofrutticoli tra cui cassoni bins, bancali, bancarelle e banchi, espositori termoformatura, espositori frutta secca, dispenser e altri articoli complementari per i reparti ortofrutta\" \/>\n<meta property=\"og:url\" content=\"https:\/\/www.mawsystem.com\/en\/\" \/>\n<meta property=\"og:site_name\" content=\"Maw\" \/>\n<meta property=\"article:modified_time\" content=\"2024-03-19T11:07:57+00:00\" \/>\n<meta name=\"twitter:card\" content=\"summary_large_image\" \/>\n<script type=\"application\/ld+json\" class=\"yoast-schema-graph\">{\"@context\":\"https:\/\/schema.org\",\"@graph\":[{\"@type\":\"WebSite\",\"@id\":\"https:\/\/www.mawsystem.com\/en\/#website\",\"url\":\"https:\/\/www.mawsystem.com\/en\/\",\"name\":\"Maw\",\"description\":\"\",\"potentialAction\":[{\"@type\":\"SearchAction\",\"target\":\"https:\/\/www.mawsystem.com\/en\/?s={search_term_string}\",\"query-input\":\"required name=search_term_string\"}],\"inLanguage\":\"en-US\"},{\"@type\":\"WebPage\",\"@id\":\"https:\/\/www.mawsystem.com\/en\/#webpage\",\"url\":\"https:\/\/www.mawsystem.com\/en\/\",\"name\":\"Sistemi espositivi ed allestimenti per reparti ortofrutta prodotti da MAW System\",\"isPartOf\":{\"@id\":\"https:\/\/www.mawsystem.com\/en\/#website\"},\"datePublished\":\"2019-10-03T07:51:39+00:00\",\"dateModified\":\"2024-03-19T11:07:57+00:00\",\"description\":\"MAW System progetta e realizza sistemi e soluzioni espositive innovative per i reparti ortofrutticoli tra cui cassoni bins, bancali, bancarelle e banchi, espositori termoformatura, espositori frutta secca, dispenser e altri articoli complementari per i reparti ortofrutta\",\"inLanguage\":\"en-US\",\"potentialAction\":[{\"@type\":\"ReadAction\",\"target\":[\"https:\/\/www.mawsystem.com\/en\/\"]}]}]}<\/script>\n<!-- \/ Yoast SEO plugin. -->","_links":{"self":[{"href":"https:\/\/www.mawsystem.com\/en\/wp-json\/wp\/v2\/pages\/479"}],"collection":[{"href":"https:\/\/www.mawsystem.com\/en\/wp-json\/wp\/v2\/pages"}],"about":[{"href":"https:\/\/www.mawsystem.com\/en\/wp-json\/wp\/v2\/types\/page"}],"author":[{"embeddable":true,"href":"https:\/\/www.mawsystem.com\/en\/wp-json\/wp\/v2\/users\/1"}],"replies":[{"embeddable":true,"href":"https:\/\/www.mawsystem.com\/en\/wp-json\/wp\/v2\/comments?post=479"}],"version-history":[{"count":96,"href":"https:\/\/www.mawsystem.com\/en\/wp-json\/wp\/v2\/pages\/479\/revisions"}],"predecessor-version":[{"id":4712,"href":"https:\/\/www.mawsystem.com\/en\/wp-json\/wp\/v2\/pages\/479\/revisions\/4712"}],"wp:attachment":[{"href":"https:\/\/www.mawsystem.com\/en\/wp-json\/wp\/v2\/media?parent=479"}],"curies":[{"name":"wp","href":"https:\/\/api.w.org\/{rel}","templated":true}]}}