{"id":481,"date":"2019-10-02T11:57:40","date_gmt":"2019-10-02T09:57:40","guid":{"rendered":"http:\/\/www.mawsystem.com\/privacy-policy\/"},"modified":"2020-04-28T11:46:50","modified_gmt":"2020-04-28T09:46:50","slug":"privacy-policy","status":"publish","type":"page","link":"https:\/\/www.mawsystem.com\/en\/privacy-policy\/","title":{"rendered":"Privacy Policy"},"content":{"rendered":"<div style=\"clear:both;\"><\/div><div style=\"clear:both;\"><\/div><h1><strong>Informazioni sul trattamento dei dati personali<\/strong><\/h1>\n<p>&nbsp;<\/p>\n<p>Nel rispetto della normativa vigente, in conformit\u00e0 alle previsioni contenute nel Regolamento UE 2016\/679 (\u201cGDPR\u201d) Maw Sollevatore s.r.l., in qualit\u00e0 di titolare del trattamento, comunica quanto segue:<\/p>\n<p>&nbsp;<\/p>\n<ol>\n<li><strong>Titolare del trattamento <\/strong><\/li>\n<\/ol>\n<p>Il Titolare del Trattamento e\u0300 Maw Sollevatore s.r.l. con sede legale in Spresiano (TV), via Marmolada n. 21 (\u201cMaw\u201d o \u201cTitolare\u201d).<\/p>\n<p>&nbsp;<\/p>\n<ol start=\"2\">\n<li><strong> Finalit\u00e0 del trattamento dei dati e natura del loro conferimento <\/strong><\/li>\n<\/ol>\n<p>I dati personali forniti dall\u2019interessato saranno trattati da Maw per le seguenti finalit\u00e0:<\/p>\n<ul>\n<li>dare esecuzione alla richiesta dell\u2019interessato di essere contattato o di avere maggiori informazioni sui prodotti e servizi del Titolare. Base giuridica di questo trattamento \u00e8 la necessit\u00e0 di dare riscontro alle richieste dell\u2019interessato;<\/li>\n<li>iscrizione alla newsletter del Titolare. Base giuridica di questo trattamento \u00e8 il consenso liberamente espresso dall\u2019interessato;<\/li>\n<li>ricezione di comunicazioni commerciali relativamente ai servizi e\/o prodotti offerti dal Titolare. Base giuridica di questo trattamento \u00e8 il consenso liberamente espresso dall\u2019interessato<\/li>\n<li>Adempiere agli obblighi previsti dalla legge, dai regolamenti e dalla normativa dell\u2019UE.<\/li>\n<\/ul>\n<p>Il conferimento dei dati personali e\u0300 necessario per perseguire le finalit\u00e0 di cui al punto 1) e 4) l\u2019eventuale rifiuto di conferire tali dati comporter\u00e0 l\u2019impossibilita\u0300 di dare riscontro alla tua richiesta e di usufruire del servizio richiesto.<\/p>\n<p>&nbsp;<\/p>\n<ol start=\"3\">\n<li><strong>Tipologia di dati raccolti <\/strong><\/li>\n<\/ol>\n<p><strong>&#8211; Dati di navigazione<\/strong><br \/>\nI sistemi informatici e le procedure software preposte al funzionamento del sito acquisiscono, nel corso del loro normale esercizio, alcuni dati personali la cui trasmissione \u00e8 implicita nell\u2019uso dei protocolli di comunicazione di Internet. Si tratta di informazioni che non sono raccolte per essere associate a interessati identificati, ma che per loro stessa natura potrebbero, attraverso elaborazioni ed associazioni con dati detenuti da terzi, permettere di identificare gli utenti. In questa categoria di dati rientrano gli indirizzi IP o i nomi a dominio dei computer utilizzati dagli utenti che si connettono al sito, gli indirizzi in notazione URI (Uniform Resource Identifier) delle risorse richieste, l\u2019orario della richiesta, il metodo utilizzato nel sottoporre la richiesta al server, la dimensione del file ottenuto in risposta, il codice numerico indicante lo stato della risposta data dal server (buon fine, errore, ecc.) ed altri parametri relativi al sistema operativo e all\u2019ambiente informatico dell\u2019utente. Questi dati vengono utilizzati al solo fine di ricavare informazioni statistiche anonime sull\u2019uso del sito e per controllarne il corretto funzionamento e vengono cancellati dopo l\u2019elaborazione. I dati potrebbero essere utilizzati per l\u2019accertamento di responsabilit\u00e0 in caso di ipotetici reati informatici ai danni del sito.<br \/>\n<strong>&#8211; Dati forniti volontariamente dall\u2019utente<\/strong><br \/>\nL\u2019invio facoltativo, esplicito e volontario di posta elettronica agli indirizzi indicati sul sito comporta la successiva acquisizione dell\u2019indirizzo del mittente, necessario per rispondere alle richieste, nonch\u00e9 degli eventuali altri dati personali inseriti nella missiva. Specifiche informative di sintesi verranno progressivamente riportate o visualizzate nelle pagine del sito predisposte per particolari servizi a richiesta.<br \/>\n<strong>&#8211; Dati di terzi forniti volontariamente dall\u2019utente<\/strong><br \/>\nNell\u2019utilizzo dei servizi da noi offerti, qualora l\u2019utente fornisca dati personali di terzi soggetti, rispetto a questi dati l\u2019utente agir\u00e0 come autonomo titolare del trattamento, assumendosi tutti gli obblighi e le responsabilit\u00e0 di legge. In tal senso, l\u2019utente conferisce la pi\u00f9 ampia manleva rispetto ad ogni contestazione, pretesa, richiesta di risarcimento del danno da trattamento, etc. che dovesse pervenire al Titolare da terzi soggetti i cui dati personali siano stati trattati attraverso l\u2019utilizzo dell\u2019utente dei servizi del sito in violazione delle norme sulla tutela dei dati personali applicabili. In ogni caso, qualora l\u2019utente fornisca o in altro modo tratti dati personali di terzi nell\u2019utilizzo del sito, garantisce fin d\u2019ora \u2013 assumendosene ogni connessa responsabilit\u00e0 \u2013 che tale particolare ipotesi di trattamento si fonda sulla previa acquisizione \u2013 da parte dell\u2019utente \u2013 del consenso del terzo al trattamento delle informazioni che lo riguardano.<br \/>\n<strong>&#8211; Cookies<\/strong><br \/>\nPer cookies si intende un elemento testuale che viene inserito nel disco fisso di un computer solo in seguito ad autorizzazione. I cookies hanno la funzione di snellire l\u2019analisi del traffico su web o di segnalare quando un sito specifico viene visitato e consentono alle applicazioni web di inviare informazioni a singoli utenti. Nessun dato personale degli utenti viene in proposito acquisito dal sito. Non viene fatto uso di cookies per la trasmissione di informazioni di carattere personale, n\u00e9 vengono utilizzati c.d. cookies persistenti di alcun tipo, ovvero sistemi per il tracciamento degli utenti. L\u2019uso di c.d. cookies di sessione \u00e8 strettamente limitato alla trasmissione di identificativi di sessione (costituiti da numeri casuali generati dal server) necessari per consentire l\u2019esplorazione sicura ed efficiente del sito. I c.d. cookies di sessione utilizzati nel sito evitano il ricorso ad altre tecniche informatiche potenzialmente pregiudizievoli per la riservatezza della navigazione degli utenti e non consentono l\u2019acquisizione di dati personali identificativi dell\u2019utente.<\/p>\n<p>Per maggiori informazioni consultare la cookie policy del sito.<\/p>\n<p>&nbsp;<\/p>\n<ol start=\"4\">\n<li><strong>Modalit\u00e0 di trattamento e ambito di circolazione dei dati <\/strong><\/li>\n<\/ol>\n<p>Il trattamento sar\u00e0 effettuato sia con strumenti informatici che con strumenti cartacei, e in ogni caso secondo le modalit\u00e0 e con gli strumenti idonei a garantire la sicurezza e riservatezza dei dati stessi, in conformit\u00e0 a quanto previsto dalla normativa vigente in materia. In particolare, sono state attuate misure di sicurezza tecniche, informatiche e organizzative in modo che sia garantita la protezione dei dati, consentendo l\u2019accesso alle sole persone autorizzate al trattamento da parte del Titolare o di eventuali soggetti appositamente designati quali Responsabili del trattamento da parte del Titolare.<\/p>\n<p>I dati raccolti non saranno diffusi ne\u0301 saranno comunicati a terzi. Tuttavia, si precisa che quali soggetti autorizzati al trattamento dei dati nelle forme e nei modi previsti dalla vigente normativa, possono venire a conoscenza dei dati tutti i dipendenti e\/o collaboratori di Maw, di volta in volta interessati o coinvolti nell\u2019ambito delle rispettive mansioni in conformit\u00e0 alle istruzioni ricevute. In tal caso detti soggetti saranno designati quali soggetti autorizzati al trattamento.<\/p>\n<p>I dati potranno inoltre essere trattati dalle seguenti categorie di soggetti che saranno nominati Responsabili esterni del trattamento: fornitori di servizi che svolgono specifiche attivit\u00e0 informatiche, di supporto o di consulenza ovvero la cui attivit\u00e0 sia connessa, strumentale o di supporto a quella di Maw (es. soggetti che prestano attivit\u00e0 di manutenzione tecnica, studi professionali e consulenti, fornitori di software etc.), che operano sempre in modo da garantire la sicurezza e riservatezza dei dati medesimi.<\/p>\n<p>&nbsp;<\/p>\n<ol start=\"5\">\n<li><strong>Durata del trattamento <\/strong><\/li>\n<\/ol>\n<p>I dati raccolti saranno conservati per il tempo strettamente necessario per la gestione delle finalit\u00e0 sopra indicate secondo criteri improntati al rispetto delle norme vigenti ed alla correttezza ed al bilanciamento fra legittimo interesse del Titolare e diritti e liberta\u0300 dell&#8217;interessato, fino a quando sar\u00e0 attivo il servizio marketing richiesto, e saranno cancellati entro 24 mesi dalla data di cessazione del servizio.<\/p>\n<p>&nbsp;<\/p>\n<ol start=\"6\">\n<li><strong>Trasferimenti internazionali<\/strong><\/li>\n<\/ol>\n<p>Il Titolare non trasferisce dati al di fuori dell\u2019Unione Europea, qualora dovessimo trasferirli copriremo tali trasferimenti con un adeguato livello di protezione.<\/p>\n<p>&nbsp;<\/p>\n<ol start=\"7\">\n<li><strong>Diritti dell\u2019interessato <\/strong><\/li>\n<\/ol>\n<p>Si rammenta infine che spettano all\u2019interessato specifici diritti tra cui quello di ottenere la conferma dell\u2019esistenza o meno di propri dati personali anche se non ancora registrati, la comunicazione in forma intelligibile dei medesimi dati, della loro origine nonch\u00e9 della logica e delle finalit\u00e0 del trattamento stesso. L\u2019interessato pu\u00f2 inoltre ottenere la cancellazione, la limitazione al trattamento, la trasformazione in forma anonima o il blocco dei dati trattati in violazione della legge come pure l\u2019aggiornamento, la rettificazione o, se vi e\u0300 interesse, l\u2019integrazione dei dati e la portabilit\u00e0 dei dati ad altro Titolare. \u00c8 anche diritto dell\u2019interessato di opporsi, in tutto o in parte, per motivi legittimi, al trattamento dei suoi dati personali siano essi pertinenti allo scopo della raccolta. L\u2019interessato ha inoltre il diritto di revocare, in qualsiasi momento, il proprio consenso, senza pregiudicare la liceit\u00e0 del trattamento basata sul consenso prestato prima della revoca.<\/p>\n<p>L\u2019interessato pu\u00f2 anche proporre reclamo al Garante per la protezione dei dati personali nelle forme e nei modi previsti dalla vigente normativa.<\/p>\n<p>Per esercitare i diritti sopra elencati, l\u2019interessato dovr\u00e0 presentare richiesta all\u2019indirizzo del Titolare o via mail al seguente indirizzo <a href=\"mailto:amministrazione@mawsystem.com\">amministrazione@mawsystem.com<\/a>.<\/p>\n<p>&nbsp;<\/p>\n","protected":false},"excerpt":{"rendered":"<p>Informazioni sul trattamento dei dati personali &nbsp; Nel rispetto della normativa vigente, in conformit\u00e0 alle previsioni contenute nel Regolamento UE 2016\/679 (\u201cGDPR\u201d) Maw Sollevatore s.r.l., in qualit\u00e0 di titolare del trattamento, comunica quanto segue: &nbsp; Titolare del trattamento Il Titolare del Trattamento e\u0300 Maw Sollevatore s.r.l. con sede legale in Spresiano (TV), via Marmolada n. [&#8230;]\n","protected":false},"author":1,"featured_media":0,"parent":0,"menu_order":0,"comment_status":"closed","ping_status":"closed","template":"","meta":[],"yoast_head":"<!-- This site is optimized with the Yoast SEO plugin v15.1.1 - https:\/\/yoast.com\/wordpress\/plugins\/seo\/ -->\n<title>Privacy Policy - Maw<\/title>\n<meta name=\"robots\" content=\"index, follow, max-snippet:-1, max-image-preview:large, max-video-preview:-1\" \/>\n<link rel=\"canonical\" href=\"https:\/\/www.mawsystem.com\/en\/privacy-policy\/\" \/>\n<meta property=\"og:locale\" content=\"en_US\" \/>\n<meta property=\"og:type\" content=\"article\" \/>\n<meta property=\"og:title\" content=\"Privacy Policy - Maw\" \/>\n<meta property=\"og:description\" content=\"Informazioni sul trattamento dei dati personali &nbsp; Nel rispetto della normativa vigente, in conformit\u00e0 alle previsioni contenute nel Regolamento UE 2016\/679 (\u201cGDPR\u201d) Maw Sollevatore s.r.l., in qualit\u00e0 di titolare del trattamento, comunica quanto segue: &nbsp; Titolare del trattamento Il Titolare del Trattamento e\u0300 Maw Sollevatore s.r.l. con sede legale in Spresiano (TV), via Marmolada n. [...]\" \/>\n<meta property=\"og:url\" content=\"https:\/\/www.mawsystem.com\/en\/privacy-policy\/\" \/>\n<meta property=\"og:site_name\" content=\"Maw\" \/>\n<meta property=\"article:modified_time\" content=\"2020-04-28T09:46:50+00:00\" \/>\n<meta name=\"twitter:card\" content=\"summary_large_image\" \/>\n<script type=\"application\/ld+json\" class=\"yoast-schema-graph\">{\"@context\":\"https:\/\/schema.org\",\"@graph\":[{\"@type\":\"WebSite\",\"@id\":\"https:\/\/www.mawsystem.com\/en\/#website\",\"url\":\"https:\/\/www.mawsystem.com\/en\/\",\"name\":\"Maw\",\"description\":\"\",\"potentialAction\":[{\"@type\":\"SearchAction\",\"target\":\"https:\/\/www.mawsystem.com\/en\/?s={search_term_string}\",\"query-input\":\"required name=search_term_string\"}],\"inLanguage\":\"en-US\"},{\"@type\":\"WebPage\",\"@id\":\"https:\/\/www.mawsystem.com\/en\/privacy-policy\/#webpage\",\"url\":\"https:\/\/www.mawsystem.com\/en\/privacy-policy\/\",\"name\":\"Privacy Policy - Maw\",\"isPartOf\":{\"@id\":\"https:\/\/www.mawsystem.com\/en\/#website\"},\"datePublished\":\"2019-10-02T09:57:40+00:00\",\"dateModified\":\"2020-04-28T09:46:50+00:00\",\"inLanguage\":\"en-US\",\"potentialAction\":[{\"@type\":\"ReadAction\",\"target\":[\"https:\/\/www.mawsystem.com\/en\/privacy-policy\/\"]}]}]}<\/script>\n<!-- \/ Yoast SEO plugin. -->","_links":{"self":[{"href":"https:\/\/www.mawsystem.com\/en\/wp-json\/wp\/v2\/pages\/481"}],"collection":[{"href":"https:\/\/www.mawsystem.com\/en\/wp-json\/wp\/v2\/pages"}],"about":[{"href":"https:\/\/www.mawsystem.com\/en\/wp-json\/wp\/v2\/types\/page"}],"author":[{"embeddable":true,"href":"https:\/\/www.mawsystem.com\/en\/wp-json\/wp\/v2\/users\/1"}],"replies":[{"embeddable":true,"href":"https:\/\/www.mawsystem.com\/en\/wp-json\/wp\/v2\/comments?post=481"}],"version-history":[{"count":6,"href":"https:\/\/www.mawsystem.com\/en\/wp-json\/wp\/v2\/pages\/481\/revisions"}],"predecessor-version":[{"id":1707,"href":"https:\/\/www.mawsystem.com\/en\/wp-json\/wp\/v2\/pages\/481\/revisions\/1707"}],"wp:attachment":[{"href":"https:\/\/www.mawsystem.com\/en\/wp-json\/wp\/v2\/media?parent=481"}],"curies":[{"name":"wp","href":"https:\/\/api.w.org\/{rel}","templated":true}]}}